{"id":6192,"date":"2015-04-08T23:49:10","date_gmt":"2015-04-08T23:49:10","guid":{"rendered":"https:\/\/www.robkonrad.com\/datenschutzrichtlinie\/"},"modified":"2015-04-08T23:49:10","modified_gmt":"2015-04-08T23:49:10","slug":"datenschutzrichtlinie","status":"publish","type":"page","link":"https:\/\/www.robkonrad.com\/de\/datenschutzrichtlinie\/","title":{"rendered":"Datenschutzrichtlinie"},"content":{"rendered":"<div id=\"ppBody\">\n<div><\/div>\n<div class=\"innerText\">Diese Datenschutzrichtlinie wurde erstellt, um denjenigen, die Bedenken hinsichtlich der Verwendung ihrer &#8222;pers\u00f6nlich identifizierbaren Informationen&#8220; (PII) online haben, einen besseren Service zu bieten. PII, wie im US-amerikanischen Datenschutzgesetz und der Informationssicherheit beschrieben, sind Informationen, die allein oder in Kombination mit anderen Informationen verwendet werden k\u00f6nnen, um eine einzelne Person zu identifizieren, zu kontaktieren oder zu lokalisieren oder um eine Einzelperson im Kontext zu identifizieren. Bitte lesen Sie unsere Datenschutzrichtlinie sorgf\u00e4ltig durch, um ein klares Verst\u00e4ndnis davon zu erhalten, wie wir Ihre pers\u00f6nlich identifizierbaren Informationen in \u00dcbereinstimmung mit unserer Website erfassen, verwenden, sch\u00fctzen oder anderweitig behandeln.  <\/div>\n<div class=\"grayText\"><strong>Welche pers\u00f6nlichen Daten erfassen wir von den Personen, die unseren Blog, unsere Website oder unsere App besuchen?<\/strong><\/div>\n<div class=\"innerText\">Bei der Bestellung oder Registrierung auf unserer Website werden Sie gegebenenfalls aufgefordert, Ihren Namen, Ihre E-Mail-Adresse, Ihre Postanschrift, Ihre Telefonnummer, Ihre Kreditkarteninformationen oder andere Details einzugeben, um Ihnen bei Ihrer Erfahrung zu helfen.<\/div>\n<div class=\"grayText\"><strong>Wann erfassen wir Informationen?<\/strong><\/div>\n<div class=\"innerText\">Wir erfassen Informationen von Ihnen, wenn Sie sich auf unserer Website registrieren, eine Bestellung aufgeben, einen Newsletter abonnieren, an einer Umfrage teilnehmen, ein Formular ausf\u00fcllen, den Live-Chat nutzen, ein Support-Ticket er\u00f6ffnen oder Informationen auf unserer Website eingeben.<\/div>\n<div class=\"grayText\"><strong>Wie verwenden wir Ihre Informationen?<\/strong><\/div>\n<div class=\"innerText\">Wir k\u00f6nnen die Informationen, die wir von Ihnen erfassen, verwenden, wenn Sie sich registrieren, einen Kauf t\u00e4tigen, sich f\u00fcr unseren Newsletter anmelden, an einer Umfrage oder Marketingmitteilung teilnehmen, auf der Website surfen oder bestimmte andere Funktionen der Website auf folgende Weise nutzen:<\/div>\n<div class=\"innerText\">      <strong>\u2022<\/strong> Um Ihre Erfahrung zu personalisieren und es uns zu erm\u00f6glichen, die Art von Inhalten und Produktangeboten bereitzustellen, an denen Sie am meisten interessiert sind.<\/div>\n<div class=\"innerText\">      <strong>\u2022<\/strong> Um unsere Website zu verbessern, damit wir Ihnen einen besseren Service bieten k\u00f6nnen.<\/div>\n<div class=\"innerText\">      <strong>\u2022<\/strong> Um Ihnen einen besseren Service bei der Beantwortung Ihrer Kundendienstanfragen zu erm\u00f6glichen.<\/div>\n<div class=\"innerText\">      <strong>\u2022<\/strong> Um einen Wettbewerb, eine Werbeaktion, eine Umfrage oder eine andere Funktion der Website zu verwalten.<\/div>\n<div class=\"innerText\">      <strong>\u2022<\/strong> Um Ihre Transaktionen schnell zu verarbeiten.<\/div>\n<div class=\"innerText\">      <strong>\u2022<\/strong> Um regelm\u00e4\u00dfige E-Mails bez\u00fcglich Ihrer Bestellung oder anderer Produkte und Dienstleistungen zu versenden.<\/div>\n<div class=\"innerText\">      <strong>\u2022<\/strong> Um nach der Korrespondenz (Live-Chat, E-Mail- oder Telefonanfragen) mit ihnen in Kontakt zu treten.<\/div>\n<div class=\"grayText\"><strong>Wie sch\u00fctzen wir Ihre Informationen?<\/strong><\/div>\n<div class=\"innerText\">Unsere Website wird regelm\u00e4\u00dfig auf Sicherheitsl\u00fccken und bekannte Schwachstellen gescannt, um Ihren Besuch auf unserer Website so sicher wie m\u00f6glich zu gestalten.<\/div>\n<div class=\"innerText\">Wir verwenden regelm\u00e4\u00dfige Malware-Scans.<\/div>\n<div class=\"innerText\">Ihre pers\u00f6nlichen Daten werden hinter gesicherten Netzwerken gespeichert und sind nur einer begrenzten Anzahl von Personen zug\u00e4nglich, die \u00fcber spezielle Zugriffsrechte auf diese Systeme verf\u00fcgen und verpflichtet sind, die Informationen vertraulich zu behandeln. Dar\u00fcber hinaus werden alle sensiblen\/Kreditinformationen, die Sie angeben, \u00fcber die Secure Socket Layer (SSL)-Technologie verschl\u00fcsselt. <\/div>\n<div class=\"innerText\">Wir implementieren eine Vielzahl von Sicherheitsma\u00dfnahmen, wenn ein Benutzer eine Bestellung aufgibt, eingibt, \u00fcbermittelt oder auf seine Informationen zugreift, um die Sicherheit Ihrer pers\u00f6nlichen Daten zu gew\u00e4hrleisten.<\/div>\n<div class=\"innerText\">Alle Transaktionen werden \u00fcber einen Gateway-Anbieter abgewickelt und nicht auf unseren Servern gespeichert oder verarbeitet.<\/div>\n<div class=\"grayText\"><strong>Verwenden wir &#8218;Cookies&#8216;?<\/strong><\/div>\n<div class=\"innerText\">Ja. Cookies sind kleine Dateien, die eine Website oder ihr Dienstanbieter \u00fcber Ihren Webbrowser auf die Festplatte Ihres Computers \u00fcbertr\u00e4gt (wenn Sie dies zulassen), wodurch die Systeme der Website oder des Dienstanbieters Ihren Browser erkennen und bestimmte Informationen erfassen und speichern k\u00f6nnen. Beispielsweise verwenden wir Cookies, um uns zu helfen, uns die Artikel in Ihrem Warenkorb zu merken und sie zu verarbeiten. Sie werden auch verwendet, um uns zu helfen, Ihre Pr\u00e4ferenzen basierend auf fr\u00fcheren oder aktuellen Website-Aktivit\u00e4ten zu verstehen, was es uns erm\u00f6glicht, Ihnen verbesserte Dienstleistungen anzubieten. Wir verwenden Cookies auch, um uns zu helfen, aggregierte Daten \u00fcber den Website-Traffic und die Website-Interaktion zu sammeln, damit wir in Zukunft bessere Website-Erfahrungen und Tools anbieten k\u00f6nnen.    <\/div>\n<div class=\"innerText\"><strong>Wir verwenden Cookies, um:<\/strong><\/div>\n<div class=\"innerText\">      <strong>\u2022<\/strong> Helfen Sie, sich die Artikel im Warenkorb zu merken und sie zu verarbeiten.<\/div>\n<div class=\"innerText\">      <strong>\u2022<\/strong> Die Pr\u00e4ferenzen des Benutzers f\u00fcr zuk\u00fcnftige Besuche verstehen und speichern.<\/div>\n<div class=\"innerText\">      <strong>\u2022<\/strong> Anzeigen im Auge behalten.<\/div>\n<div class=\"innerText\">      <strong>\u2022<\/strong> Aggregierte Daten \u00fcber den Website-Traffic und die Website-Interaktionen sammeln, um in Zukunft bessere Website-Erfahrungen und Tools anbieten zu k\u00f6nnen. Wir k\u00f6nnen auch vertrauensw\u00fcrdige Drittanbieterdienste nutzen, die diese Informationen in unserem Namen verfolgen. <\/div>\n<div class=\"innerText\">Sie k\u00f6nnen w\u00e4hlen, ob Ihr Computer Sie jedes Mal warnen soll, wenn ein Cookie gesendet wird, oder Sie k\u00f6nnen w\u00e4hlen, alle Cookies zu deaktivieren. Sie tun dies \u00fcber Ihre Browsereinstellungen. Da sich die Browser ein wenig unterscheiden, schauen Sie im Hilfemen\u00fc Ihres Browsers nach, um zu erfahren, wie Sie Ihre Cookies richtig \u00e4ndern k\u00f6nnen.  <\/div>\n<div class=\"innerText\"><strong>Wenn Benutzer Cookies in ihrem Browser deaktivieren:<\/strong><\/div>\n<div class=\"innerText\">Wenn Sie Cookies deaktivieren, funktionieren einige der Funktionen, die Ihre Website-Erfahrung effizienter machen, m\u00f6glicherweise nicht richtig. Einige der Funktionen, die Ihre Website-Erfahrung effizienter machen, funktionieren m\u00f6glicherweise nicht richtig.<\/div>\n<div class=\"grayText\"><strong>Offenlegung durch Dritte<\/strong><\/div>\n<div class=\"innerText\">Wir verkaufen, tauschen oder \u00fcbertragen Ihre pers\u00f6nlich identifizierbaren Informationen nicht anderweitig an Dritte, es sei denn, wir informieren die Benutzer im Voraus. Dies gilt nicht f\u00fcr Website-Hosting-Partner und andere Parteien, die uns beim Betrieb unserer Website, bei der Durchf\u00fchrung unserer Gesch\u00e4fte oder bei der Betreuung unserer Benutzer unterst\u00fctzen, solange diese Parteien sich verpflichten, diese Informationen vertraulich zu behandeln. Wir k\u00f6nnen auch Informationen freigeben, wenn die Freigabe angemessen ist, um das Gesetz einzuhalten, unsere Website-Richtlinien durchzusetzen oder unsere oder die Rechte, das Eigentum oder die Sicherheit anderer zu sch\u00fctzen. Nicht-pers\u00f6nlich identifizierbare Besucherinformationen k\u00f6nnen jedoch anderen Parteien f\u00fcr Marketing-, Werbe- oder andere Zwecke zur Verf\u00fcgung gestellt werden.  <\/p>\n<\/div>\n<div class=\"grayText\"><strong>Links zu Drittanbietern<\/strong><\/div>\n<div class=\"innerText\">Gelegentlich k\u00f6nnen wir nach eigenem Ermessen Produkte oder Dienstleistungen von Drittanbietern auf unserer Website anbieten oder anbieten. Diese Websites von Drittanbietern haben separate und unabh\u00e4ngige Datenschutzrichtlinien. Wir \u00fcbernehmen daher keine Verantwortung oder Haftung f\u00fcr den Inhalt und die Aktivit\u00e4ten dieser verlinkten Websites. Nichtsdestotrotz sind wir bestrebt, die Integrit\u00e4t unserer Website zu sch\u00fctzen und freuen uns \u00fcber jedes Feedback zu diesen Websites.   <\/div>\n<div class=\"blueText\"><strong>Google<\/strong><\/div>\n<div class=\"innerText\">Die Werbeanforderungen von Google lassen sich in den Werbegrunds\u00e4tzen von Google zusammenfassen. Sie wurden eingerichtet, um den Nutzern eine positive Erfahrung zu bieten.  https:\/\/support.google.com\/adwordspolicy\/answer\/1316548?hl=en<\/div>\n<div class=\"innerText\">Wir verwenden Google AdSense Advertising auf unserer Website.<\/div>\n<div class=\"innerText\">Google verwendet als Drittanbieter Cookies, um Anzeigen auf unserer Website zu schalten. Durch die Verwendung des DART-Cookies durch Google kann Google unseren Nutzern Anzeigen basierend auf fr\u00fcheren Besuchen auf unserer Website und anderen Websites im Internet schalten. Benutzer k\u00f6nnen die Verwendung des DART-Cookies deaktivieren, indem sie die Datenschutzrichtlinie des Google Ad and Content Network aufrufen.  <\/div>\n<div class=\"innerText\"><strong>Wir haben Folgendes implementiert:<\/strong><\/div>\n<div class=\"innerText\">      <strong>\u2022<\/strong> Remarketing mit Google AdSense<\/div>\n<div class=\"innerText\">      <strong>\u2022<\/strong> Google Display Network Impression Reporting<\/div>\n<div class=\"innerText\">      <strong>\u2022<\/strong> Berichterstattung zu demografischen Merkmalen und Interessen<\/div>\n<div class=\"innerText\">      <strong>\u2022<\/strong> DoubleClick-Plattformintegration<\/div>\n<div class=\"innerText\">Wir verwenden zusammen mit Drittanbietern wie Google Erstanbieter-Cookies (wie z. B. die Google Analytics-Cookies) und Drittanbieter-Cookies (wie z. B. das DoubleClick-Cookie) oder andere Drittanbieter-Kennungen, um Daten \u00fcber Benutzerinteraktionen mit Anzeigenimpressionen und anderen Anzeigendienstfunktionen in Bezug auf unsere Website zu sammeln.<\/div>\n<div class=\"innerText\"><strong>Opt-out:<\/strong><br \/>\nBenutzer k\u00f6nnen auf der Seite mit den Google-Anzeigeneinstellungen festlegen, wie Google Ihnen Werbung anzeigt. Alternativ k\u00f6nnen Sie sich abmelden, indem Sie die Opt-out-Seite der Network Advertising Initiative besuchen oder das Google Analytics Opt-out Browser-Add-on verwenden. <\/div>\n<div class=\"blueText\"><strong>California Online Privacy Protection Act<\/strong><\/div>\n<div class=\"innerText\">CalOPPA ist das erste Landesgesetz in den USA, das von kommerziellen Websites und Online-Diensten verlangt, eine Datenschutzrichtlinie zu ver\u00f6ffentlichen. Die Reichweite des Gesetzes geht weit \u00fcber Kalifornien hinaus und verpflichtet jede Person oder jedes Unternehmen in den Vereinigten Staaten (und m\u00f6glicherweise der Welt), die Websites betreiben, die pers\u00f6nlich identifizierbare Informationen von kalifornischen Verbrauchern sammeln, eine auff\u00e4llige Datenschutzrichtlinie auf ihrer Website zu ver\u00f6ffentlichen, in der genau die gesammelten Informationen und die Personen oder Unternehmen angegeben werden, an die sie weitergegeben werden. &#8211; Mehr dazu unter: http:\/\/consumercal.org\/california-online-privacy-protection-act-caloppa\/#sthash.0FdRbT51.dpuf  <\/div>\n<div class=\"innerText\"><strong>Gem\u00e4\u00df CalOPPA stimmen wir Folgendem zu:<\/strong><\/div>\n<div class=\"innerText\">Benutzer k\u00f6nnen unsere Website anonym besuchen.<\/div>\n<div class=\"innerText\">Sobald diese Datenschutzrichtlinie erstellt wurde, werden wir einen Link zu ihr auf unserer Homepage oder zumindest auf der ersten wichtigen Seite nach dem Betreten unserer Website hinzuf\u00fcgen.<\/div>\n<div class=\"innerText\">Unser Datenschutzrichtlinien-Link enth\u00e4lt das Wort &#8218;Datenschutz&#8216; und ist leicht auf der oben genannten Seite zu finden.<\/div>\n<div class=\"innerText\">Sie werden \u00fcber alle \u00c4nderungen der Datenschutzrichtlinie benachrichtigt:<\/div>\n<div class=\"innerText\">      <strong>\u2022<\/strong> Auf unserer Datenschutzrichtlinienseite<\/div>\n<div class=\"innerText\">Kann Ihre pers\u00f6nlichen Daten \u00e4ndern:<\/div>\n<div class=\"innerText\">      <strong>\u2022<\/strong> Per E-Mail an uns<\/div>\n<div class=\"innerText\">      <strong>\u2022<\/strong> Indem Sie mit uns chatten oder uns ein Support-Ticket senden<\/div>\n<div class=\"innerText\"><strong>Wie geht unsere Website mit Do Not Track-Signalen um?<\/strong><\/div>\n<div class=\"innerText\">Wir respektieren Do Not Track-Signale und Do Not Track, setzen Cookies oder verwenden Werbung, wenn ein Do Not Track (DNT)-Browsermechanismus vorhanden ist.<\/div>\n<div class=\"innerText\"><strong>Erlaubt unsere Website das Verhaltens-Tracking durch Dritte?<\/strong><\/div>\n<div class=\"innerText\">Es ist auch wichtig zu beachten, dass wir das Verhaltens-Tracking durch Dritte zulassen<\/div>\n<div class=\"blueText\"><strong>COPPA (Children Online Privacy Protection Act)<\/strong><\/div>\n<div class=\"innerText\">Wenn es um die Erfassung pers\u00f6nlicher Daten von Kindern unter 13 Jahren geht, gibt der Children's Online Privacy Protection Act (COPPA) den Eltern die Kontrolle. Die Federal Trade Commission, die US-amerikanische Verbraucherschutzbeh\u00f6rde, setzt die COPPA-Regel durch, die festlegt, was Betreiber von Websites und Online-Diensten tun m\u00fcssen, um die Privatsph\u00e4re und Sicherheit von Kindern online zu sch\u00fctzen. <\/div>\n<div class=\"innerText\">Wir vermarkten nicht speziell an Kinder unter 13 Jahren.<\/div>\n<div class=\"innerText\">Erlauben wir Dritten, einschlie\u00dflich Werbenetzwerken oder Plug-ins, PII von Kindern unter 13 Jahren zu sammeln?<\/div>\n<div class=\"blueText\"><strong>Faire Informationspraktiken<\/strong><\/div>\n<div class=\"innerText\">Die Grunds\u00e4tze der fairen Informationspraktiken bilden das R\u00fcckgrat des Datenschutzrechts in den Vereinigten Staaten, und die darin enthaltenen Konzepte haben eine wichtige Rolle bei der Entwicklung von Datenschutzgesetzen auf der ganzen Welt gespielt. Das Verst\u00e4ndnis der Grunds\u00e4tze der fairen Informationspraktiken und wie sie umgesetzt werden sollten, ist entscheidend f\u00fcr die Einhaltung der verschiedenen Datenschutzgesetze, die pers\u00f6nliche Daten sch\u00fctzen. <\/div>\n<div class=\"innerText\"><strong>Um mit den fairen Informationspraktiken \u00fcbereinzustimmen, werden wir die folgenden Ma\u00dfnahmen ergreifen, falls eine Datenschutzverletzung auftritt:<\/strong><\/div>\n<div class=\"innerText\">Wir werden Sie per E-Mail benachrichtigen<\/div>\n<div class=\"innerText\">      <strong>\u2022<\/strong> Sonstiges<\/div>\n<div class=\"innerText\">Innerhalb von 30 Werktagen<\/div>\n<div class=\"innerText\">Wir werden die Benutzer per In-Site-Benachrichtigung benachrichtigen<\/div>\n<div class=\"innerText\">      <strong>\u2022<\/strong> Sonstiges<\/div>\n<div class=\"innerText\">Innerhalb von 30 Werktagen<\/div>\n<div class=\"innerText\">Wir stimmen auch dem Individual Redress Principle zu, das Einzelpersonen das Recht einr\u00e4umt, rechtlich durchsetzbare Rechte gegen Datensammler und -verarbeiter zu verfolgen, die sich nicht an das Gesetz halten. Dieser Grundsatz verlangt nicht nur, dass Einzelpersonen durchsetzbare Rechte gegen Datennutzer haben, sondern auch, dass Einzelpersonen die M\u00f6glichkeit haben, Gerichte oder Regierungsbeh\u00f6rden anzurufen, um die Nichteinhaltung durch Datenverarbeiter zu untersuchen und\/oder zu verfolgen. <\/div>\n<div class=\"blueText\"><strong>CAN SPAM Act<\/strong><\/div>\n<div class=\"innerText\">Der CAN-SPAM Act ist ein Gesetz, das die Regeln f\u00fcr kommerzielle E-Mails festlegt, Anforderungen f\u00fcr kommerzielle Nachrichten festlegt, Empf\u00e4ngern das Recht einr\u00e4umt, den Versand von E-Mails an sie zu stoppen, und harte Strafen f\u00fcr Verst\u00f6\u00dfe vorsieht.<\/div>\n<div class=\"innerText\"><strong>Wir erfassen Ihre E-Mail-Adresse, um:<\/strong><\/div>\n<div class=\"innerText\">      <strong>\u2022<\/strong> Informationen zu senden, auf Anfragen zu antworten und\/oder andere Anfragen oder Fragen zu beantworten<\/div>\n<div class=\"innerText\">      <strong>\u2022<\/strong> Bestellungen zu bearbeiten und Informationen und Aktualisierungen zu Bestellungen zu senden.<\/div>\n<div class=\"innerText\">      <strong>\u2022<\/strong> Ihnen zus\u00e4tzliche Informationen zu Ihrem Produkt und\/oder Ihrer Dienstleistung zu senden<\/div>\n<div class=\"innerText\">      <strong>\u2022<\/strong> Unsere Mailingliste zu vermarkten oder weiterhin E-Mails an unsere Kunden zu senden, nachdem die urspr\u00fcngliche Transaktion stattgefunden hat.<\/div>\n<div class=\"innerText\"><strong>Um mit CANSPAM \u00fcbereinzustimmen, stimmen wir Folgendem zu:<\/strong><\/div>\n<div class=\"innerText\">      <strong>\u2022<\/strong> Keine falschen oder irref\u00fchrenden Betreffzeilen oder E-Mail-Adressen verwenden.<\/div>\n<div class=\"innerText\">      <strong>\u2022<\/strong> Die Nachricht in angemessener Weise als Werbung kennzeichnen.<\/div>\n<div class=\"innerText\">      <strong>\u2022<\/strong> Die physische Adresse unseres Gesch\u00e4fts- oder Website-Hauptsitzes angeben.<\/div>\n<div class=\"innerText\">      <strong>\u2022<\/strong> E-Mail-Marketingdienste von Drittanbietern auf Einhaltung der Vorschriften \u00fcberwachen, falls ein solcher verwendet wird.<\/div>\n<div class=\"innerText\">      <strong>\u2022<\/strong> Opt-out\/Abmeldeanfragen schnell bearbeiten.<\/div>\n<div class=\"innerText\">      <strong>\u2022<\/strong> Benutzern erlauben, sich \u00fcber den Link am Ende jeder E-Mail abzumelden.<\/div>\n<div class=\"innerText\"><strong><br \/>\nWenn Sie sich zu irgendeinem Zeitpunkt vom Erhalt zuk\u00fcnftiger E-Mails abmelden m\u00f6chten, <\/strong>k\u00f6nnen Sie den Anweisungen am Ende jeder E-Mail folgen, und wir werden Ihre Abonnementpr\u00e4ferenzen umgehend aktualisieren oder Sie aus <strong>ALLER<\/strong> Korrespondenz entfernen.<\/div>\n<\/div>\n<p><strong>Kontaktaufnahme<\/strong><\/p>\n<div class=\"innerText\">Wenn Sie Fragen zu dieser Datenschutzrichtlinie haben, k\u00f6nnen Sie uns \u00fcber die unten stehenden Informationen kontaktieren.<\/div>\n<div><\/div>\n<div class=\"innerText\">RobKonrad.com<\/div>\n<div class=\"innerText\">Ahtri Tn 12<br \/>\n15551 Talinn<br \/>\nEstland<\/div>\n<div class=\"innerText\">public@robkonrad.com<\/div>\n<div class=\"innerText\">+1 (234) 4444 5655<\/div>\n<div class=\"innerText\">Letzte Bearbeitung am 2018-03-17<\/div>\n","protected":false},"excerpt":{"rendered":"<p>Diese Datenschutzrichtlinie wurde erstellt, um denjenigen, die Bedenken hinsichtlich der Verwendung ihrer &#8222;pers\u00f6nlich identifizierbaren Informationen&#8220; (PII) online haben, einen besseren Service zu bieten. PII, wie im US-amerikanischen Datenschutzgesetz und der Informationssicherheit beschrieben, sind Informationen, die allein oder in Kombination mit anderen Informationen verwendet werden k\u00f6nnen, um eine einzelne Person zu identifizieren, zu kontaktieren oder zu lokalisieren oder um eine Einzelperson im Kontext zu identifizieren. Bitte&#8230; <\/p>\n<p class=\"more\"><a class=\"more-link\" href=\"https:\/\/www.robkonrad.com\/de\/datenschutzrichtlinie\/\">Read More<\/a><\/p>\n","protected":false},"author":1,"featured_media":0,"parent":0,"menu_order":0,"comment_status":"closed","ping_status":"closed","template":"","meta":{"_analytify_skip_tracking":false,"footnotes":""},"class_list":["post-6192","page","type-page","status-publish","hentry","is-cat-link-borders-light is-cat-link-rounded"],"_links":{"self":[{"href":"https:\/\/www.robkonrad.com\/de\/wp-json\/wp\/v2\/pages\/6192","targetHints":{"allow":["GET"]}}],"collection":[{"href":"https:\/\/www.robkonrad.com\/de\/wp-json\/wp\/v2\/pages"}],"about":[{"href":"https:\/\/www.robkonrad.com\/de\/wp-json\/wp\/v2\/types\/page"}],"author":[{"embeddable":true,"href":"https:\/\/www.robkonrad.com\/de\/wp-json\/wp\/v2\/users\/1"}],"replies":[{"embeddable":true,"href":"https:\/\/www.robkonrad.com\/de\/wp-json\/wp\/v2\/comments?post=6192"}],"version-history":[{"count":0,"href":"https:\/\/www.robkonrad.com\/de\/wp-json\/wp\/v2\/pages\/6192\/revisions"}],"wp:attachment":[{"href":"https:\/\/www.robkonrad.com\/de\/wp-json\/wp\/v2\/media?parent=6192"}],"curies":[{"name":"wp","href":"https:\/\/api.w.org\/{rel}","templated":true}]}}