{"id":6153,"date":"2015-04-08T23:49:32","date_gmt":"2015-04-08T23:49:32","guid":{"rendered":"https:\/\/www.robkonrad.com\/allgemeine-geschaeftsbedingungen\/"},"modified":"2015-04-08T23:49:32","modified_gmt":"2015-04-08T23:49:32","slug":"allgemeine-geschaeftsbedingungen","status":"publish","type":"page","link":"https:\/\/www.robkonrad.com\/de\/allgemeine-geschaeftsbedingungen\/","title":{"rendered":"Allgemeine Gesch\u00e4ftsbedingungen"},"content":{"rendered":"<div align=\"left\">\n<div id=\"divIntro\" class=\"mceEditor\" align=\"left\">Willkommen auf RobKonrad.com. Diese Website ist Eigentum von RobKonrad.com und wird von RobKonrad.com betrieben. Durch den Besuch unserer Website und den Zugriff auf die Informationen, Ressourcen, Dienstleistungen, Produkte und Tools, die wir anbieten, erkl\u00e4ren Sie sich damit einverstanden, die folgenden Bedingungen und Konditionen, wie in dieser Richtlinie dargelegt (im Folgenden als &#8218;Nutzungsvereinbarung&#8216; bezeichnet), sowie die Bedingungen und Konditionen, wie in unserer Datenschutzrichtlinie dargelegt, zu akzeptieren und einzuhalten (weitere Informationen finden Sie im Abschnitt &#8218;Datenschutzrichtlinie&#8216; weiter unten).  <\/p>\n<p>Diese Vereinbarung tritt am 17. M\u00e4rz 2018 in Kraft.<\/p>\n<p>Wir behalten uns das Recht vor, diese Nutzungsvereinbarung von Zeit zu Zeit ohne Vorank\u00fcndigung zu \u00e4ndern. Sie erkennen an und stimmen zu, dass es in Ihrer Verantwortung liegt, diese Nutzungsvereinbarung regelm\u00e4\u00dfig zu \u00fcberpr\u00fcfen, um sich mit etwaigen \u00c4nderungen vertraut zu machen. Ihre fortgesetzte Nutzung dieser Website nach solchen \u00c4nderungen stellt eine Anerkennung und Zustimmung zu den ge\u00e4nderten Bedingungen dar.  <\/p>\n<\/div>\n<\/div>\n<div align=\"left\">\n<div id=\"divResponsibleUser\" class=\"mceEditor\" align=\"left\"><strong><span class=\"tosTitle\">Verantwortungsvolle Nutzung und Verhalten<\/span> <\/strong><\/p>\n<p>Durch den Besuch unserer Website und den Zugriff auf die Informationen, Ressourcen, Dienstleistungen, Produkte und Tools, die wir Ihnen direkt oder indirekt zur Verf\u00fcgung stellen (im Folgenden als &#8218;Ressourcen&#8216; bezeichnet), erkl\u00e4ren Sie sich damit einverstanden, diese Ressourcen nur f\u00fcr die Zwecke zu nutzen, die in \u00dcbereinstimmung mit (a) den Bedingungen dieser Nutzungsvereinbarung und (b) den geltenden Gesetzen, Vorschriften und allgemein anerkannten Online-Praktiken oder Richtlinien zul\u00e4ssig sind.  <\/p>\n<p>Wobei Sie Folgendes verstehen:<\/p>\n<p>a. Um auf unsere Ressourcen zugreifen zu k\u00f6nnen, m\u00fcssen Sie m\u00f6glicherweise bestimmte Informationen \u00fcber sich selbst (wie z. B. Identifikation, Kontaktdaten usw.) im Rahmen des Registrierungsprozesses oder als Teil Ihrer F\u00e4higkeit zur Nutzung der Ressourcen angeben. Sie stimmen zu, dass alle von Ihnen bereitgestellten Informationen stets richtig, korrekt und auf dem neuesten Stand sind.  <\/p>\n<p>b. Sie sind daf\u00fcr verantwortlich, die Vertraulichkeit aller Anmeldeinformationen zu wahren, die mit einem Konto verbunden sind, das Sie f\u00fcr den Zugriff auf unsere Ressourcen verwenden. Dementsprechend sind Sie f\u00fcr alle Aktivit\u00e4ten verantwortlich, die unter Ihrem\/Ihren Konto\/Konten stattfinden.  <\/p>\n<p>c. Der Zugriff (oder der Versuch des Zugriffs) auf unsere Ressourcen mit anderen Mitteln als den von uns bereitgestellten Mitteln ist strengstens untersagt. Sie erkl\u00e4ren sich ausdr\u00fccklich damit einverstanden, nicht auf unsere Ressourcen mit automatisierten, unethischen oder unkonventionellen Mitteln zuzugreifen (oder zu versuchen, darauf zuzugreifen).  <\/p>\n<p>d. Jegliche Aktivit\u00e4ten, die unsere Ressourcen st\u00f6ren oder beeintr\u00e4chtigen, einschlie\u00dflich der Server und\/oder Netzwerke, auf denen sich unsere Ressourcen befinden oder mit denen sie verbunden sind, sind strengstens untersagt. <\/p>\n<p>e. Der Versuch, unsere Ressourcen zu kopieren, zu duplizieren, zu reproduzieren, zu verkaufen, zu tauschen oder weiterzuverkaufen, ist strengstens untersagt. <\/p>\n<p>f. Sie sind allein verantwortlich f\u00fcr alle Konsequenzen, Verluste oder Sch\u00e4den, die uns direkt oder indirekt aufgrund von unbefugten Aktivit\u00e4ten entstehen, die von Ihnen durchgef\u00fchrt werden, wie oben erl\u00e4utert, und k\u00f6nnen strafrechtlich oder zivilrechtlich haftbar gemacht werden. <\/p>\n<p>g. Wir k\u00f6nnen verschiedene offene Kommunikationstools auf unserer Website zur Verf\u00fcgung stellen, wie z. B. Blog-Kommentare, Blog-Posts, \u00f6ffentliche Chats, Foren, Message Boards, Newsgroups, Produktbewertungen und -rezensionen, verschiedene Social-Media-Dienste usw. Sie verstehen, dass wir im Allgemeinen die von den Nutzern dieser verschiedenen Kommunikationstools ver\u00f6ffentlichten Inhalte nicht vorab pr\u00fcfen oder \u00fcberwachen, was bedeutet, dass es in Ihrer pers\u00f6nlichen Verantwortung liegt, diese Tools verantwortungsvoll und ethisch zu nutzen, wenn Sie diese Tools nutzen, um Inhalte jeglicher Art auf unserer Website einzureichen. Indem Sie Informationen ver\u00f6ffentlichen oder auf andere Weise offene Kommunikationstools wie erw\u00e4hnt nutzen, erkl\u00e4ren Sie sich damit einverstanden, dass Sie keine Inhalte hochladen, ver\u00f6ffentlichen, teilen oder anderweitig verbreiten, die:   <\/p>\n<p>i. illegal, bedrohlich, diffamierend, missbr\u00e4uchlich, bel\u00e4stigend, herabw\u00fcrdigend, einsch\u00fcchternd, betr\u00fcgerisch, t\u00e4uschend, invasiv, rassistisch sind oder irgendeine Art von anz\u00fcglicher, unangemessener oder expliziter Sprache enthalten;<x id=\"gid_0\"><\/x>ii. eine Marke, ein Patent, ein Gesch\u00e4ftsgeheimnis, ein Urheberrecht oder ein anderes Eigentumsrecht einer Partei verletzen;<x id=\"gid_1\"><\/x>Iii. irgendeine Art von unbefugter oder unerw\u00fcnschter Werbung enthalten;<x id=\"gid_2\"><\/x>Iiii. sich als eine Person oder Organisation ausgeben, einschlie\u00dflich RobKonrad.com-Mitarbeiter oder -Vertreter.    <\/p>\n<p>Wir haben das Recht, nach eigenem Ermessen Inhalte zu entfernen, von denen wir der Meinung sind, dass sie nicht mit dieser Nutzungsvereinbarung \u00fcbereinstimmen, sowie Inhalte, die wir anderweitig als beleidigend, sch\u00e4dlich, anst\u00f6\u00dfig, ungenau oder als Verletzung von Urheberrechten oder Markenrechten Dritter ansehen. Wir sind nicht verantwortlich f\u00fcr Verz\u00f6gerungen oder Ausf\u00e4lle bei der Entfernung solcher Inhalte. Wenn Sie Inhalte ver\u00f6ffentlichen, die wir entfernen, stimmen Sie hiermit dieser Entfernung zu und verzichten auf jegliche Anspr\u00fcche gegen uns.  <\/p>\n<p>h. Wir \u00fcbernehmen keine Haftung f\u00fcr Inhalte, die von Ihnen oder anderen Nutzern unserer Website ver\u00f6ffentlicht werden. Alle Inhalte, die von Ihnen unter Verwendung offener Kommunikationstools auf unserer Website ver\u00f6ffentlicht werden, werden jedoch, sofern sie keine Urheberrechte oder Markenrechte Dritter verletzen, zum Eigentum von RobKonrad.com und gew\u00e4hren uns als solche eine unbefristete, unwiderrufliche, weltweite, geb\u00fchrenfreie, exklusive Lizenz zur Vervielf\u00e4ltigung, \u00c4nderung, Anpassung, \u00dcbersetzung, Ver\u00f6ffentlichung, \u00f6ffentlichen Darstellung und\/oder Verbreitung nach unserem Ermessen. Dies bezieht sich nur auf Inhalte, die \u00fcber offene Kommunikationstools wie beschrieben ver\u00f6ffentlicht werden, und nicht auf Informationen, die im Rahmen des Registrierungsprozesses bereitgestellt werden und f\u00fcr die Nutzung unserer Ressourcen erforderlich sind. Alle Informationen, die im Rahmen unseres Registrierungsprozesses bereitgestellt werden, unterliegen unserer <a href=\"https:\/\/www.robkonrad.com\/privacy-policy\/\">Datenschutzrichtlinie<\/a>.    <\/p>\n<p>i. Sie erkl\u00e4ren sich damit einverstanden, RobKonrad.com und seine Muttergesellschaft und verbundenen Unternehmen sowie deren Direktoren, leitende Angestellte, Manager, Mitarbeiter, Spender, Vertreter und Lizenzgeber von allen Verlusten, Ausgaben, Sch\u00e4den und Kosten, einschlie\u00dflich angemessener Anwaltskosten, freizustellen und schadlos zu halten, die sich aus einer Verletzung dieser Nutzungsvereinbarung oder der Nichterf\u00fcllung von Verpflichtungen in Bezug auf Ihr Konto ergeben, die von Ihnen oder einer anderen Person, die Ihr Konto nutzt, verursacht werden. Wir behalten uns das Recht vor, die ausschlie\u00dfliche Verteidigung von Anspr\u00fcchen zu \u00fcbernehmen, f\u00fcr die wir im Rahmen dieser Nutzungsvereinbarung Anspruch auf Entsch\u00e4digung haben. In diesem Fall sind Sie verpflichtet, uns in angemessener Weise zu unterst\u00fctzen.<\/p>\n<\/div>\n<\/div>\n<div align=\"left\">\n<div id=\"divTermsPrivacy\" class=\"mceEditor\" align=\"left\"><strong><span class=\"tosTitle\">Datenschutz<\/span> <\/strong><\/p>\n<p>Ihre Privatsph\u00e4re ist uns sehr wichtig, weshalb wir eine separate Datenschutzrichtlinie erstellt haben, um detailliert zu erl\u00e4utern, wie wir Ihre privaten Informationen sammeln, verwalten, verarbeiten, sichern und speichern. Unsere Datenschutzrichtlinie ist im Rahmen dieser Nutzungsvereinbarung enthalten. Um unsere Datenschutzrichtlinie vollst\u00e4ndig zu lesen, <a href=\"https:\/\/www.robkonrad.com\/privacy-policy\/\">klicken Sie hier<\/a>.<\/div>\n<div align=\"left\"><\/div>\n<div class=\"mceEditor\" align=\"left\"><strong><span class=\"tosTitle\">Haftungsbeschr\u00e4nkung f\u00fcr Garantien<\/span> <\/strong><\/p>\n<p>Durch die Nutzung unserer Website verstehen Sie und stimmen zu, dass alle von uns bereitgestellten Ressourcen &#8222;wie besehen&#8220; und &#8222;wie verf\u00fcgbar&#8220; sind. Dies bedeutet, dass wir Ihnen gegen\u00fcber weder zusichern noch garantieren, dass:<br \/>\ni) die Nutzung unserer Ressourcen Ihre Bed\u00fcrfnisse oder Anforderungen erf\u00fcllt.<br \/>\nii) die Nutzung unserer Ressourcen ununterbrochen, zeitnah, sicher oder fehlerfrei erfolgt.<br \/>\niii) die durch die Nutzung unserer Ressourcen erhaltenen Informationen richtig oder zuverl\u00e4ssig sind, und<br \/>\niv) etwaige M\u00e4ngel im Betrieb oder in der Funktionalit\u00e4t der von uns bereitgestellten Ressourcen behoben oder korrigiert werden.<\/p>\n<p>Dar\u00fcber hinaus verstehen Sie und stimmen zu, dass:<\/p>\n<p>v) alle Inhalte, die durch die Nutzung unserer Ressourcen heruntergeladen oder anderweitig bezogen werden, nach Ihrem eigenen Ermessen und auf Ihr eigenes Risiko erfolgen und dass Sie allein verantwortlich sind f\u00fcr Sch\u00e4den an Ihrem Computer oder anderen Ger\u00e4ten sowie f\u00fcr Datenverluste, die durch das Herunterladen solcher Inhalte entstehen k\u00f6nnen.<br \/>\nvi) keine Informationen oder Ratschl\u00e4ge, ob ausdr\u00fccklich, stillschweigend, m\u00fcndlich oder schriftlich, die Sie von RobKonrad.com oder \u00fcber von uns bereitgestellte Ressourcen erhalten, eine Garantie oder Bedingungen jeglicher Art begr\u00fcnden, mit Ausnahme derjenigen, die ausdr\u00fccklich in dieser Nutzungsvereinbarung aufgef\u00fchrt sind.<\/p><\/div>\n<div class=\"mceEditor\" align=\"left\">\n<strong><span class=\"tosTitle\">Haftungsbeschr\u00e4nkung<\/span> <\/strong><\/p>\n<p>In Verbindung mit der oben erl\u00e4uterten Haftungsbeschr\u00e4nkung f\u00fcr Garantien verstehen Sie ausdr\u00fccklich und stimmen zu, dass jegliche Anspr\u00fcche gegen uns auf den Betrag beschr\u00e4nkt sind, den Sie gegebenenfalls f\u00fcr die Nutzung von Produkten und\/oder Dienstleistungen gezahlt haben. RobKonrad.com haftet nicht f\u00fcr direkte, indirekte, zuf\u00e4llige, Folge- oder exemplarische Verluste oder Sch\u00e4den, die Ihnen durch die Nutzung unserer Ressourcen oder durch \u00c4nderungen, Datenverluste oder -besch\u00e4digungen, Stornierungen, Verlust des Zugangs oder Ausfallzeiten in vollem Umfang entstehen k\u00f6nnen, in dem die geltenden Gesetze zur Haftungsbeschr\u00e4nkung gelten.<\/p>\n<\/div>\n<\/div>\n<div align=\"left\">\n<div id=\"divTermsCopyrights\" class=\"mceEditor\" align=\"left\"><strong><span class=\"tosTitle\">Urheberrechte\/Marken<\/span> <\/strong><\/p>\n<p>Alle Inhalte und Materialien, die auf RobKonrad.com verf\u00fcgbar sind, einschlie\u00dflich, aber nicht beschr\u00e4nkt auf Text, Grafiken, Website-Name, Code, Bilder und Logos, sind das geistige Eigentum von RobKonrad.com und sind durch geltende Urheber- und Markengesetze gesch\u00fctzt. Jegliche unangemessene Nutzung, einschlie\u00dflich, aber nicht beschr\u00e4nkt auf die Vervielf\u00e4ltigung, Verbreitung, Darstellung oder \u00dcbertragung von Inhalten auf dieser Website, ist strengstens untersagt, es sei denn, sie wurde ausdr\u00fccklich von RobKonrad.com genehmigt.\n<\/p><\/div>\n<\/div>\n<div align=\"left\">\n<div id=\"divTermsTerminationContainer\"><\/div>\n<div id=\"divTermsTermination\" class=\"mceEditor\" align=\"left\"><strong><span class=\"tosTitle\">Beendigung der Nutzung<\/span> <\/strong><\/p>\n<p>Sie stimmen zu, dass wir nach eigenem Ermessen Ihren Zugang zu unserer gesamten Website und unseren Ressourcen oder Teilen davon mit oder ohne Vorank\u00fcndigung und aus beliebigem Grund sperren oder beenden k\u00f6nnen, einschlie\u00dflich, aber nicht beschr\u00e4nkt auf die Verletzung dieser Nutzungsvereinbarung. Jeder Verdacht auf illegale, betr\u00fcgerische oder missbr\u00e4uchliche Aktivit\u00e4ten kann ein Grund f\u00fcr die Beendigung Ihrer Beziehung sein und kann an die zust\u00e4ndigen Strafverfolgungsbeh\u00f6rden verwiesen werden. Bei Aussetzung oder Beendigung erlischt Ihr Recht zur Nutzung der von uns bereitgestellten Ressourcen sofort, und wir behalten uns das Recht vor, alle Informationen, die Sie bei uns gespeichert haben, einschlie\u00dflich aller Konto- oder Anmeldeinformationen, zu entfernen oder zu l\u00f6schen.<\/p>\n<\/div>\n<\/div>\n<div align=\"left\">\n<div id=\"divTermsGoverningLawContainer\"><\/div>\n<div id=\"divTermsGoverningLaw\" class=\"mceEditor\" align=\"left\"><strong><span class=\"tosTitle\">Geltendes Recht<\/span> <\/strong><\/p>\n<p>Diese Website wird von RobKonrad.com kontrolliert. Sie kann von den meisten L\u00e4ndern der Welt aus aufgerufen werden. Durch den Zugriff auf unsere Website erkl\u00e4ren Sie sich damit einverstanden, dass die Gesetze unseres Staates unter Ausschluss des Kollisionsrechts und des \u00dcbereinkommens der Vereinten Nationen \u00fcber den internationalen Warenkauf f\u00fcr alle Angelegenheiten im Zusammenhang mit der Nutzung dieser Website und dem Kauf von Produkten oder Dienstleistungen \u00fcber diese Website gelten.<\/p>\n<p>Dar\u00fcber hinaus ist jede Klage zur Durchsetzung dieser Nutzungsvereinbarung vor den Bundes- oder Landesgerichten zu erheben. Sie stimmen hiermit der pers\u00f6nlichen Zust\u00e4ndigkeit dieser Gerichte zu und verzichten auf jegliche Einw\u00e4nde gegen die Zust\u00e4ndigkeit, den Gerichtsstand oder den ungeeigneten Gerichtsstand dieser Gerichte.<\/p>\n<\/div>\n<\/div>\n<div align=\"left\">\n<div id=\"divTermsGuaranteeContainer\"><\/div>\n<div id=\"divTermsGuarantee\" class=\"mceEditor\" align=\"left\"><strong><span class=\"tosTitle\">Garantie<\/span> <\/strong><\/p>\n<p>SOFERN NICHT ANDERS AUSDR\u00dcCKLICH VEREINBART, LEHNT RobKonrad.com AUSDR\u00dcCKLICH ALLE GARANTIEN UND BEDINGUNGEN JEGLICHER ART AB, OB AUSDR\u00dcCKLICH ODER STILLSCHWEIGEND, EINSCHLIESSLICH, ABER NICHT BESCHR\u00c4NKT AUF DIE STILLSCHWEIGENDEN GARANTIEN UND BEDINGUNGEN DER MARKTG\u00c4NGIGKEIT, DER EIGNUNG F\u00dcR EINEN BESTIMMTEN ZWECK UND DER NICHTVERLETZUNG.<\/p>\n<\/div>\n<\/div>\n<div align=\"left\"><\/div>\n<div align=\"left\">\n<div id=\"divTermsContact\" class=\"mceEditor\" align=\"left\"><strong><span class=\"tosTitle\">Kontaktinformationen<\/span> <\/strong><\/p>\n<p>Wenn Sie Fragen oder Anmerkungen zu diesen oben beschriebenen Nutzungsbedingungen haben, k\u00f6nnen Sie uns unter folgender Adresse kontaktieren: public@robkonrad.com<\/p><\/div>\n<\/div>\n","protected":false},"excerpt":{"rendered":"<p>Willkommen auf RobKonrad.com. Diese Website ist Eigentum von RobKonrad.com und wird von RobKonrad.com betrieben. Durch den Besuch unserer Website und den Zugriff auf die Informationen, Ressourcen, Dienstleistungen, Produkte und Tools, die wir anbieten, erkl\u00e4ren Sie sich damit einverstanden, die folgenden Bedingungen und Konditionen, wie in dieser Richtlinie dargelegt (im Folgenden als &#8218;Nutzungsvereinbarung&#8216; bezeichnet), sowie die Bedingungen und Konditionen, wie in unserer Datenschutzrichtlinie dargelegt, zu akzeptieren&#8230; <\/p>\n<p class=\"more\"><a class=\"more-link\" href=\"https:\/\/www.robkonrad.com\/de\/allgemeine-geschaeftsbedingungen\/\">Read More<\/a><\/p>\n","protected":false},"author":1,"featured_media":0,"parent":0,"menu_order":0,"comment_status":"closed","ping_status":"closed","template":"","meta":{"_analytify_skip_tracking":false,"footnotes":""},"class_list":["post-6153","page","type-page","status-publish","hentry","is-cat-link-borders-light is-cat-link-rounded"],"_links":{"self":[{"href":"https:\/\/www.robkonrad.com\/de\/wp-json\/wp\/v2\/pages\/6153","targetHints":{"allow":["GET"]}}],"collection":[{"href":"https:\/\/www.robkonrad.com\/de\/wp-json\/wp\/v2\/pages"}],"about":[{"href":"https:\/\/www.robkonrad.com\/de\/wp-json\/wp\/v2\/types\/page"}],"author":[{"embeddable":true,"href":"https:\/\/www.robkonrad.com\/de\/wp-json\/wp\/v2\/users\/1"}],"replies":[{"embeddable":true,"href":"https:\/\/www.robkonrad.com\/de\/wp-json\/wp\/v2\/comments?post=6153"}],"version-history":[{"count":0,"href":"https:\/\/www.robkonrad.com\/de\/wp-json\/wp\/v2\/pages\/6153\/revisions"}],"wp:attachment":[{"href":"https:\/\/www.robkonrad.com\/de\/wp-json\/wp\/v2\/media?parent=6153"}],"curies":[{"name":"wp","href":"https:\/\/api.w.org\/{rel}","templated":true}]}}