{"id":6148,"date":"2024-09-13T12:22:09","date_gmt":"2024-09-13T12:22:09","guid":{"rendered":"https:\/\/www.robkonrad.com\/abonnieren-sie-meinen-newsletter-thinking-beyond-ai\/"},"modified":"2025-12-20T02:26:27","modified_gmt":"2025-12-20T02:26:27","slug":"abonnieren-sie-meinen-newsletter-thinking-beyond-ai","status":"publish","type":"page","link":"https:\/\/www.robkonrad.com\/de\/abonnieren-sie-meinen-newsletter-thinking-beyond-ai\/","title":{"rendered":"Abonnieren Sie meinen Newsletter \u201eThinking Beyond AI\u201c"},"content":{"rendered":"\n<figure class=\"wp-block-image size-large\"><a href=\"https:\/\/www.linkedin.com\/build-relation\/newsletter-follow?entityUrn=7363520749514412033\" target=\"_blank\" rel=\"noopener\"><img fetchpriority=\"high\" decoding=\"async\" width=\"1024\" height=\"444\" src=\"https:\/\/www.robkonrad.com\/wp-content\/uploads\/TBAI_Footer-1024x444.png\" alt=\"\" class=\"wp-image-6003\" srcset=\"https:\/\/www.robkonrad.com\/wp-content\/uploads\/TBAI_Footer-1024x444.png 1024w, https:\/\/www.robkonrad.com\/wp-content\/uploads\/TBAI_Footer-300x130.png 300w, https:\/\/www.robkonrad.com\/wp-content\/uploads\/TBAI_Footer-150x65.png 150w, https:\/\/www.robkonrad.com\/wp-content\/uploads\/TBAI_Footer-768x333.png 768w, https:\/\/www.robkonrad.com\/wp-content\/uploads\/TBAI_Footer-1269x550.png 1269w, https:\/\/www.robkonrad.com\/wp-content\/uploads\/TBAI_Footer-1060x459.png 1060w, https:\/\/www.robkonrad.com\/wp-content\/uploads\/TBAI_Footer-550x238.png 550w, https:\/\/www.robkonrad.com\/wp-content\/uploads\/TBAI_Footer-1154x500.png 1154w, https:\/\/www.robkonrad.com\/wp-content\/uploads\/TBAI_Footer.png 1359w\" sizes=\"(max-width: 1024px) 100vw, 1024px\" \/><\/a><\/figure>\n\n<p class=\"has-text-align-center\">Besuchen Sie die Website von <strong>Thinking Beyond AI<\/strong>: <a href=\"https:\/\/www.ThinkingBeyond.AI\" target=\"_blank\" rel=\"noopener\">https:\/\/www.ThinkingBeyond.AI<\/a><\/p>\n\n<p class=\"has-text-align-center\"><a href=\"https:\/\/www.linkedin.com\/build-relation\/newsletter-follow?entityUrn=7363520749514412033\" data-type=\"link\" data-id=\"https:\/\/www.linkedin.com\/build-relation\/newsletter-follow?entityUrn=7363520749514412033\" target=\"_blank\" rel=\"noopener\">Klicken Sie hier, um den Thinking Beyond AI-Newsletter auf LinkedIn zu abonnieren<\/a><\/p>\n\n<hr class=\"wp-block-separator has-alpha-channel-opacity\"\/>\n\n<p>Wenn Sie jemals das Gef\u00fchl hatten, dass der Boden unter Ihren F\u00fc\u00dfen nicht mehr so fest ist wie fr\u00fcher \u2013 wo vertraute Markierungen, Routinen und Pfade, die einst signalisierten \u201eIch bin wichtig\u201c, sich nicht mehr zuverl\u00e4ssig anf\u00fchlen \u2013 sind Sie nicht allein.<\/p>\n\n<p>Darum geht es bei <strong>Thinking Beyond AI<\/strong>.<\/p>\n\n<p>Dies ist kein Newsletter voller Hype oder Schlagworte. Es ist ein Raum f\u00fcr ehrliche Gespr\u00e4che dar\u00fcber, was in der Arbeitswelt, in Bezug auf Sinn, Identit\u00e4t und Relevanz tats\u00e4chlich geschieht \u2013 insbesondere in einer Zeit, in der Technologien wie KI den Wandel schneller beschleunigen, als die meisten unserer Karten mithalten k\u00f6nnen.<\/p>\n\n<p>Folgendes finden Sie darin:<\/p>\n\n<ul class=\"wp-block-list\">\n<li><strong>Klar formulierte Einsichten<\/strong>, ohne Fachjargon<\/li>\n\n\n\n<li><strong>Menschliche Erfahrung<\/strong>, keine abstrakten Konzepte<\/li>\n\n\n\n<li><strong>Klarheit statt L\u00e4rm<\/strong><\/li>\n\n\n\n<li>Fragen, \u00fcber die es sich lohnt nachzudenken<\/li>\n\n\n\n<li>Perspektiven, die Ihnen helfen zu erkennen, was wichtig ist, <em>bevor Ihnen gesagt wird, was zu tun ist<\/em><\/li>\n<\/ul>\n\n<p>Sie brauchen keinen weiteren Newsletter, der Ihnen sagt, <em>welche Tools Sie verwenden sollen<\/em> oder <em>welche Trends gerade angesagt sind<\/em>. Was jetzt z\u00e4hlt, ist ein tieferes Gef\u00fchl daf\u00fcr, <strong>wo Relevanz heute liegt und wie Sie Ihren Platz in der Welt finden, die entsteht<\/strong> \u2013 nicht in der, die verschwindet.<\/p>\n\n<p>Wenn Sie etwas wollen, das tats\u00e4chlich hilft, die Gegenwart zu verstehen und darauf hinzuweisen, wie Sie relevant bleiben \u2013 nicht nur in der Technologie, sondern in Leben, Arbeit und Identit\u00e4t \u2013, dann ist dies das Richtige f\u00fcr Sie.<\/p>\n\n<p><strong>Klicken Sie auf das Bild unten, um Thinking Beyond AI auf LinkedIn zu abonnieren. <\/strong><\/p>\n\n<figure class=\"wp-block-image size-large\"><a href=\"https:\/\/www.linkedin.com\/build-relation\/newsletter-follow?entityUrn=7363520749514412033\" target=\"_blank\" rel=\"noopener\"><img fetchpriority=\"high\" decoding=\"async\" width=\"1024\" height=\"444\" src=\"https:\/\/www.robkonrad.com\/wp-content\/uploads\/TBAI_Footer-1024x444.png\" alt=\"\" class=\"wp-image-6003\" srcset=\"https:\/\/www.robkonrad.com\/wp-content\/uploads\/TBAI_Footer-1024x444.png 1024w, https:\/\/www.robkonrad.com\/wp-content\/uploads\/TBAI_Footer-300x130.png 300w, https:\/\/www.robkonrad.com\/wp-content\/uploads\/TBAI_Footer-150x65.png 150w, https:\/\/www.robkonrad.com\/wp-content\/uploads\/TBAI_Footer-768x333.png 768w, https:\/\/www.robkonrad.com\/wp-content\/uploads\/TBAI_Footer-1269x550.png 1269w, https:\/\/www.robkonrad.com\/wp-content\/uploads\/TBAI_Footer-1060x459.png 1060w, https:\/\/www.robkonrad.com\/wp-content\/uploads\/TBAI_Footer-550x238.png 550w, https:\/\/www.robkonrad.com\/wp-content\/uploads\/TBAI_Footer-1154x500.png 1154w, https:\/\/www.robkonrad.com\/wp-content\/uploads\/TBAI_Footer.png 1359w\" sizes=\"(max-width: 1024px) 100vw, 1024px\" \/><\/a><\/figure>\n\n<p class=\"has-text-align-center\">Besuchen Sie die Website von <strong>Thinking Beyond AI<\/strong>: <a href=\"https:\/\/www.ThinkingBeyond.AI\" target=\"_blank\" rel=\"noopener\">https:\/\/www.ThinkingBeyond.AI<\/a><\/p>\n\n<p class=\"has-text-align-center\"><a href=\"https:\/\/www.linkedin.com\/build-relation\/newsletter-follow?entityUrn=7363520749514412033\" data-type=\"link\" data-id=\"https:\/\/www.linkedin.com\/build-relation\/newsletter-follow?entityUrn=7363520749514412033\" target=\"_blank\" rel=\"noopener\">Klicken Sie hier, um den Thinking Beyond AI-Newsletter auf LinkedIn zu abonnieren<\/a><\/p>\n","protected":false},"excerpt":{"rendered":"<p>Besuchen Sie die Website von Thinking Beyond AI: https:\/\/www.ThinkingBeyond.AI Klicken Sie hier, um den Thinking Beyond AI-Newsletter auf LinkedIn zu abonnieren Wenn Sie jemals das Gef\u00fchl hatten, dass der Boden unter Ihren F\u00fc\u00dfen nicht mehr so fest ist wie fr\u00fcher \u2013 wo vertraute Markierungen, Routinen und Pfade, die einst signalisierten \u201eIch bin wichtig\u201c, sich nicht mehr zuverl\u00e4ssig anf\u00fchlen \u2013 sind Sie nicht allein. Darum geht&#8230; <\/p>\n<p class=\"more\"><a class=\"more-link\" href=\"https:\/\/www.robkonrad.com\/de\/abonnieren-sie-meinen-newsletter-thinking-beyond-ai\/\">Read More<\/a><\/p>\n","protected":false},"author":1,"featured_media":0,"parent":0,"menu_order":0,"comment_status":"closed","ping_status":"closed","template":"","meta":{"_analytify_skip_tracking":false,"footnotes":""},"class_list":["post-6148","page","type-page","status-publish","hentry","is-cat-link-borders-light is-cat-link-rounded"],"_links":{"self":[{"href":"https:\/\/www.robkonrad.com\/de\/wp-json\/wp\/v2\/pages\/6148","targetHints":{"allow":["GET"]}}],"collection":[{"href":"https:\/\/www.robkonrad.com\/de\/wp-json\/wp\/v2\/pages"}],"about":[{"href":"https:\/\/www.robkonrad.com\/de\/wp-json\/wp\/v2\/types\/page"}],"author":[{"embeddable":true,"href":"https:\/\/www.robkonrad.com\/de\/wp-json\/wp\/v2\/users\/1"}],"replies":[{"embeddable":true,"href":"https:\/\/www.robkonrad.com\/de\/wp-json\/wp\/v2\/comments?post=6148"}],"version-history":[{"count":1,"href":"https:\/\/www.robkonrad.com\/de\/wp-json\/wp\/v2\/pages\/6148\/revisions"}],"predecessor-version":[{"id":6150,"href":"https:\/\/www.robkonrad.com\/de\/wp-json\/wp\/v2\/pages\/6148\/revisions\/6150"}],"wp:attachment":[{"href":"https:\/\/www.robkonrad.com\/de\/wp-json\/wp\/v2\/media?parent=6148"}],"curies":[{"name":"wp","href":"https:\/\/api.w.org\/{rel}","templated":true}]}}