{"id":6138,"date":"2022-10-09T14:30:31","date_gmt":"2022-10-09T14:30:31","guid":{"rendered":"https:\/\/www.robkonrad.com\/podcast-medien-und-presseanfragen\/"},"modified":"2025-12-20T02:26:18","modified_gmt":"2025-12-20T02:26:18","slug":"podcast-medien-und-presseanfragen","status":"publish","type":"page","link":"https:\/\/www.robkonrad.com\/de\/podcast-medien-und-presseanfragen\/","title":{"rendered":"Podcast-, Medien- und Presseanfragen"},"content":{"rendered":"\t\t<div data-elementor-type=\"wp-page\" data-elementor-id=\"6138\" class=\"elementor elementor-6138 elementor-5798\" data-elementor-post-type=\"page\">\n\t\t\t\t\t\t<section class=\"elementor-section elementor-top-section elementor-element elementor-element-8157938 elementor-section-stretched elementor-section-boxed elementor-section-height-default elementor-section-height-default\" data-id=\"8157938\" data-element_type=\"section\" data-e-type=\"section\" data-settings=\"{&quot;stretch_section&quot;:&quot;section-stretched&quot;,&quot;jet_parallax_layout_list&quot;:[]}\">\n\t\t\t\t\t\t<div class=\"elementor-container elementor-column-gap-default\">\n\t\t\t\t\t<div class=\"elementor-column elementor-col-100 elementor-top-column elementor-element elementor-element-658c42a\" data-id=\"658c42a\" data-element_type=\"column\" data-e-type=\"column\">\n\t\t\t<div class=\"elementor-widget-wrap elementor-element-populated\">\n\t\t\t\t\t\t<div class=\"elementor-element elementor-element-0e75f9a elementor-widget elementor-widget-text-editor\" data-id=\"0e75f9a\" data-element_type=\"widget\" data-e-type=\"widget\" data-widget_type=\"text-editor.default\">\n\t\t\t\t<div class=\"elementor-widget-container\">\n\t\t\t\t\t\t\t\t\t<p data-start=\"451\" data-end=\"701\">Ich h\u00f6re oft von Leuten, dass sie <em data-start=\"486\" data-end=\"492\">sp\u00fcren<\/em>, wie sich etwas verschiebt \u2013 als ob der Boden unter ihren F\u00fc\u00dfen ihnen fr\u00fcher gesagt h\u00e4tte, wo sie wichtig sind, und jetzt tut er es nicht mehr. Das ist nicht nur ein Gef\u00fchl, sondern eine reale Erfahrung, die viele Menschen und Teams gerade machen.<\/p><p data-start=\"708\" data-end=\"1098\">In Podcasts, Gespr\u00e4chen und Interviews spreche ich dar\u00fcber, wie Menschen diesen Moment verstehen \u2013 nicht indem sie auf Trends verweisen, sondern indem sie erforschen, wie es <em data-start=\"856\" data-end=\"868\">sich anf\u00fchlt<\/em>, wenn vertraute Signale nicht mehr funktionieren, und wie wir wieder Halt finden k\u00f6nnen. Technologien wie KI sind Teil des Bildes, weil sie beschleunigen, wie schnell sich Ver\u00e4nderungen in unserer Arbeit, unserer Bedeutung und unserem Gef\u00fchl der Relevanz zeigen.<\/p><p data-start=\"1105\" data-end=\"1324\">Wenn Sie auf der Suche nach einem Gespr\u00e4ch sind, das \u00fcber Schlagzeilen hinausgeht \u2013 eines, das den Zuh\u00f6rern hilft zu verstehen, was wir gerade durchleben und wie sie \u00fcber Relevanz, Klarheit und Handlungsf\u00e4higkeit nachdenken k\u00f6nnen \u2013 w\u00fcrde ich mich freuen, mit Ihnen zu sprechen.<\/p>\t\t\t\t\t\t\t\t<\/div>\n\t\t\t\t<\/div>\n\t\t\t\t<div class=\"elementor-element elementor-element-d89d15b elementor-widget elementor-widget-shortcode\" data-id=\"d89d15b\" data-element_type=\"widget\" data-e-type=\"widget\" data-widget_type=\"shortcode.default\">\n\t\t\t\t<div class=\"elementor-widget-container\">\n\t\t\t\t\t\t\t<div class=\"elementor-shortcode\">\n<div class=\"wpcf7 no-js\" id=\"wpcf7-f6154-o1\" lang=\"de-DE\" dir=\"ltr\" data-wpcf7-id=\"6154\">\n<div class=\"screen-reader-response\"><p role=\"status\" aria-live=\"polite\" aria-atomic=\"true\"><\/p> <ul><\/ul><\/div>\n<form action=\"\/de\/wp-json\/wp\/v2\/pages\/6138#wpcf7-f6154-o1\" method=\"post\" class=\"wpcf7-form init\" aria-label=\"Kontaktformular\" novalidate=\"novalidate\" data-status=\"init\">\n<fieldset class=\"hidden-fields-container\"><input type=\"hidden\" name=\"_wpcf7\" value=\"6154\" \/><input type=\"hidden\" name=\"_wpcf7_version\" value=\"6.1.5\" \/><input type=\"hidden\" name=\"_wpcf7_locale\" value=\"de_DE\" \/><input type=\"hidden\" name=\"_wpcf7_unit_tag\" value=\"wpcf7-f6154-o1\" \/><input type=\"hidden\" name=\"_wpcf7_container_post\" value=\"0\" \/><input type=\"hidden\" name=\"_wpcf7_posted_data_hash\" value=\"\" \/>\n<\/fieldset>\n<div class=\"uacf7-form-wrapper-container uacf7-form-6154  \"><part name=\"Tab 1\"\/>\n<fieldset>\n\t<legend>Presseanfrage<\/legend>\n\t<ol>\n\t\t<li>\n\t\t\t<p>\n Ihre Angaben\n\t\t\t<\/p>\n\t\t<\/li>\n\t\t<li>\n\t\t\t<div class=\"grid\"><ol class=\"singleline\" data-row-span=\"2\">\n\t\t\t\t<li class=\"cf7slabel-default\" data-field-span=\"1\">Vorname <span class=\"wpcf7-form-control-wrap\" data-name=\"text-695\"><input size=\"40\" maxlength=\"400\" class=\"wpcf7-form-control wpcf7-text wpcf7-validates-as-required\" aria-required=\"true\" aria-invalid=\"false\" placeholder=\"Vorname\" value=\"\" type=\"text\" name=\"text-695\" \/><\/span><\/li>\n\t\t\t\t<li class=\"cf7slabel-default\" data-field-span=\"1\">Nachname <span class=\"wpcf7-form-control-wrap\" data-name=\"text-624\"><input size=\"40\" maxlength=\"400\" class=\"wpcf7-form-control wpcf7-text wpcf7-validates-as-required\" aria-required=\"true\" aria-invalid=\"false\" placeholder=\"Nachname\" value=\"\" type=\"text\" name=\"text-624\" \/><\/span><\/li>\n\t\t\t<\/ol><\/div>\n\t\t<\/li>\n\t\t<li>\n\t\t\t<div class=\"grid\"><ol class=\"singleline\" data-row-span=\"2\">\n\t\t\t\t<li class=\"cf7slabel-default\" data-field-span=\"1\">Ihre Organisation <span class=\"wpcf7-form-control-wrap\" data-name=\"text-167\"><input size=\"40\" maxlength=\"400\" class=\"wpcf7-form-control wpcf7-text\" aria-invalid=\"false\" placeholder=\"ACME Inc.\" value=\"\" type=\"text\" name=\"text-167\" \/><\/span><\/li>\n\t\t\t\t<li class=\"cf7slabel-default\" data-field-span=\"1\">Webseite <span class=\"wpcf7-form-control-wrap\" data-name=\"text-530\"><input size=\"40\" maxlength=\"400\" class=\"wpcf7-form-control wpcf7-text\" aria-invalid=\"false\" placeholder=\"http:\/\/www.example.com\" value=\"\" type=\"text\" name=\"text-530\" \/><\/span><\/li>\n\t\t\t<\/ol><\/div>\n\t\t\t<div class=\"grid\"><ol class=\"singleline\" data-row-span=\"2\">\n\t\t\t\t<li class=\"cf7slabel-default\" data-field-span=\"1\">Telefonnummer <span class=\"wpcf7-form-control-wrap\" data-name=\"tel-645\"><input size=\"40\" maxlength=\"400\" class=\"wpcf7-form-control wpcf7-tel wpcf7-text wpcf7-validates-as-tel\" aria-invalid=\"false\" placeholder=\"Bitte geben Sie die Landesvorwahl an\" value=\"\" type=\"tel\" name=\"tel-645\" \/><\/span><\/li>\n\t\t\t\t<li class=\"cf7slabel-default\" data-field-span=\"1\">Mobilnummer <span class=\"wpcf7-form-control-wrap\" data-name=\"tel-129\"><input size=\"40\" maxlength=\"400\" class=\"wpcf7-form-control wpcf7-tel wpcf7-text wpcf7-validates-as-tel\" aria-invalid=\"false\" placeholder=\"Bitte geben Sie die Landesvorwahl an\" value=\"\" type=\"tel\" name=\"tel-129\" \/><\/span><\/li>\n\t\t\t<\/ol><\/div>\n\t\t<\/li>\n\t\t<li class=\"cf7slabel-default\">E-Mail <span class=\"wpcf7-form-control-wrap\" data-name=\"email-513\"><input size=\"40\" maxlength=\"400\" class=\"wpcf7-form-control wpcf7-email wpcf7-validates-as-required wpcf7-text wpcf7-validates-as-email\" aria-required=\"true\" aria-invalid=\"false\" placeholder=\"john@doe.com\" value=\"\" type=\"email\" name=\"email-513\" \/><\/span><\/li>\n\t\t<li>\n\t\t\t<p>\n  Bitte w\u00e4hlen Sie Ihre Optionen aus\n\t\t\t<\/p>\n\t\t<\/li>\n\t\t<li class=\"cf7slabel-default\">Was suchen Sie? <span class=\"wpcf7-form-control-wrap\" data-name=\"checkbox-290\"><span class=\"wpcf7-form-control wpcf7-checkbox wpcf7-validates-as-required\"><span class=\"wpcf7-list-item first\"><input type=\"checkbox\" name=\"checkbox-290[]\" value=\"Interview f\u00fcr eine Printpublikation\" \/><span class=\"wpcf7-list-item-label\">Interview f\u00fcr eine Printpublikation<\/span><\/span><span class=\"wpcf7-list-item\"><input type=\"checkbox\" name=\"checkbox-290[]\" value=\"Interview f\u00fcr eine Online-Publikation\" \/><span class=\"wpcf7-list-item-label\">Interview f\u00fcr eine Online-Publikation<\/span><\/span><span class=\"wpcf7-list-item\"><input type=\"checkbox\" name=\"checkbox-290[]\" value=\"Video-Interview\" \/><span class=\"wpcf7-list-item-label\">Video-Interview<\/span><\/span><span class=\"wpcf7-list-item\"><input type=\"checkbox\" name=\"checkbox-290[]\" value=\"Teilnahme an einer Expertenrunde\" \/><span class=\"wpcf7-list-item-label\">Teilnahme an einer Expertenrunde<\/span><\/span><span class=\"wpcf7-list-item last\"><input type=\"checkbox\" name=\"checkbox-290[]\" value=\"Podcast\" \/><span class=\"wpcf7-list-item-label\">Podcast<\/span><\/span><\/span><\/span><\/li>\n\t\t<li class=\"cf7slabel-default\">Wenn eine physische Teilnahme erforderlich ist: Werden Reise und Unterkunft von Ihnen \u00fcbernommen? <span class=\"wpcf7-form-control-wrap\" data-name=\"radio-657\"><span class=\"wpcf7-form-control wpcf7-radio\"><span class=\"wpcf7-list-item first\"><input type=\"radio\" name=\"radio-657\" value=\"Ja\" checked=\"checked\" \/><span class=\"wpcf7-list-item-label\">Ja<\/span><\/span><span class=\"wpcf7-list-item last\"><input type=\"radio\" name=\"radio-657\" value=\"Nein\" \/><span class=\"wpcf7-list-item-label\">Nein<\/span><\/span><\/span><\/span><\/li>\n\t\t<li class=\"cf7slabel-default\">Bitte geben Sie einige Details zu Ihrer Anfrage an <span class=\"wpcf7-form-control-wrap\" data-name=\"textarea-912\"><textarea cols=\"40\" rows=\"10\" maxlength=\"2000\" class=\"wpcf7-form-control wpcf7-textarea wpcf7-validates-as-required\" aria-required=\"true\" aria-invalid=\"false\" name=\"textarea-912\"><\/textarea><\/span><\/li>\n\t<\/ol>\n\t<input class=\"wpcf7-form-control wpcf7-submit has-spinner\" type=\"submit\" value=\"Senden\" \/>\n<\/fieldset>\n<p>\n  Bitte beachten Sie, dass ich w\u00e4hrend Interviews oder Podcasts keine individuelle gesundheitliche Unterst\u00fctzung anbiete.\n<\/p><\/div><div class=\"wpcf7-response-output\" aria-hidden=\"true\"><\/div>\n<\/form>\n<\/div>\n<\/div>\n\t\t\t\t\t\t<\/div>\n\t\t\t\t<\/div>\n\t\t\t\t\t<\/div>\n\t\t<\/div>\n\t\t\t\t\t<\/div>\n\t\t<\/section>\n\t\t\t\t<\/div>\n\t\t","protected":false},"excerpt":{"rendered":"<p>Ich h\u00f6re oft von Leuten, dass sie sp\u00fcren, wie sich etwas verschiebt \u2013 als ob der Boden unter ihren F\u00fc\u00dfen ihnen fr\u00fcher gesagt h\u00e4tte, wo sie wichtig sind, und jetzt tut er es nicht mehr. Das ist nicht nur ein Gef\u00fchl, sondern eine reale Erfahrung, die viele Menschen und Teams gerade machen. In Podcasts, Gespr\u00e4chen und Interviews spreche ich dar\u00fcber, wie Menschen diesen Moment verstehen&#8230; <\/p>\n<p class=\"more\"><a class=\"more-link\" href=\"https:\/\/www.robkonrad.com\/de\/podcast-medien-und-presseanfragen\/\">Read More<\/a><\/p>\n","protected":false},"author":1,"featured_media":6141,"parent":0,"menu_order":0,"comment_status":"closed","ping_status":"closed","template":"","meta":{"_analytify_skip_tracking":false,"footnotes":""},"class_list":["post-6138","page","type-page","status-publish","has-post-thumbnail","hentry","is-cat-link-borders-light is-cat-link-rounded"],"_links":{"self":[{"href":"https:\/\/www.robkonrad.com\/de\/wp-json\/wp\/v2\/pages\/6138","targetHints":{"allow":["GET"]}}],"collection":[{"href":"https:\/\/www.robkonrad.com\/de\/wp-json\/wp\/v2\/pages"}],"about":[{"href":"https:\/\/www.robkonrad.com\/de\/wp-json\/wp\/v2\/types\/page"}],"author":[{"embeddable":true,"href":"https:\/\/www.robkonrad.com\/de\/wp-json\/wp\/v2\/users\/1"}],"replies":[{"embeddable":true,"href":"https:\/\/www.robkonrad.com\/de\/wp-json\/wp\/v2\/comments?post=6138"}],"version-history":[{"count":3,"href":"https:\/\/www.robkonrad.com\/de\/wp-json\/wp\/v2\/pages\/6138\/revisions"}],"predecessor-version":[{"id":6144,"href":"https:\/\/www.robkonrad.com\/de\/wp-json\/wp\/v2\/pages\/6138\/revisions\/6144"}],"wp:featuredmedia":[{"embeddable":true,"href":"https:\/\/www.robkonrad.com\/de\/wp-json\/wp\/v2\/media\/6141"}],"wp:attachment":[{"href":"https:\/\/www.robkonrad.com\/de\/wp-json\/wp\/v2\/media?parent=6138"}],"curies":[{"name":"wp","href":"https:\/\/api.w.org\/{rel}","templated":true}]}}