{"id":6137,"date":"2022-10-08T10:57:19","date_gmt":"2022-10-08T10:57:19","guid":{"rendered":"https:\/\/www.robkonrad.com\/anfragen-fuer-vortraege\/"},"modified":"2025-12-20T02:26:16","modified_gmt":"2025-12-20T02:26:16","slug":"anfragen-fuer-vortraege","status":"publish","type":"page","link":"https:\/\/www.robkonrad.com\/de\/anfragen-fuer-vortraege\/","title":{"rendered":"Anfragen f\u00fcr Vortr\u00e4ge"},"content":{"rendered":"\t\t<div data-elementor-type=\"wp-page\" data-elementor-id=\"6137\" class=\"elementor elementor-6137 elementor-5752\" data-elementor-post-type=\"page\">\n\t\t\t\t\t\t<section class=\"elementor-section elementor-top-section elementor-element elementor-element-8157938 elementor-section-stretched elementor-section-boxed elementor-section-height-default elementor-section-height-default\" data-id=\"8157938\" data-element_type=\"section\" data-e-type=\"section\" data-settings=\"{&quot;stretch_section&quot;:&quot;section-stretched&quot;,&quot;jet_parallax_layout_list&quot;:[]}\">\n\t\t\t\t\t\t<div class=\"elementor-container elementor-column-gap-default\">\n\t\t\t\t\t<div class=\"elementor-column elementor-col-100 elementor-top-column elementor-element elementor-element-658c42a\" data-id=\"658c42a\" data-element_type=\"column\" data-e-type=\"column\">\n\t\t\t<div class=\"elementor-widget-wrap elementor-element-populated\">\n\t\t\t\t\t\t<div class=\"elementor-element elementor-element-0e75f9a elementor-widget elementor-widget-text-editor\" data-id=\"0e75f9a\" data-element_type=\"widget\" data-e-type=\"widget\" data-widget_type=\"text-editor.default\">\n\t\t\t\t<div class=\"elementor-widget-container\">\n\t\t\t\t\t\t\t\t\t<p data-start=\"418\" data-end=\"779\">In meinen Vortr\u00e4gen geht es um etwas, das die meisten Menschen zwar sp\u00fcren, aber nicht so einfach in Worte fassen k\u00f6nnen: wenn der Boden unter den F\u00fc\u00dfen sich instabil anf\u00fchlt und man sich fragt, wo man jetzt hingeh\u00f6rt. Auch Organisationen kennen dieses Gef\u00fchl \u2013 Teams, die fr\u00fcher wussten, was als N\u00e4chstes zu tun ist, wissen es pl\u00f6tzlich nicht mehr, nicht weil es ihnen an F\u00e4higkeiten mangelt, sondern weil die Markierungen, auf die sie sich fr\u00fcher verlassen haben, sich nicht mehr gleich verhalten.<\/p><p data-start=\"786\" data-end=\"1150\">Ein Teil dieses Moments ist gepr\u00e4gt von schnellem technologischen Wandel, einschlie\u00dflich KI, der die Unsicherheit beschleunigt und Fragen dar\u00fcber aufwirft, was noch wichtig ist und wie wir relevant bleiben. Ich helfe dem Publikum, das zu verstehen \u2013 nicht durch Jubelrufe oder Schlagworte, sondern indem ich ihnen zeige, wie sie wiederentdecken k\u00f6nnen, <strong data-start=\"1079\" data-end=\"1147\">wo Relevanz noch existiert und wie man mit Klarheit vorankommt<\/strong>.<\/p><p data-start=\"1157\" data-end=\"1362\">Wenn Ihre Gruppe die Angst und Unsicherheit leid ist und bereit f\u00fcr eine Perspektive ist, die tats\u00e4chlich ankommt \u2013 eine, die sich menschlich, ehrlich und n\u00fctzlich anf\u00fchlt \u2013, lassen Sie uns dar\u00fcber sprechen, was dieser Vortrag f\u00fcr Ihr Publikum bewirken k\u00f6nnte.<\/p>\t\t\t\t\t\t\t\t<\/div>\n\t\t\t\t<\/div>\n\t\t\t\t<div class=\"elementor-element elementor-element-d89d15b elementor-widget elementor-widget-shortcode\" data-id=\"d89d15b\" data-element_type=\"widget\" data-e-type=\"widget\" data-widget_type=\"shortcode.default\">\n\t\t\t\t<div class=\"elementor-widget-container\">\n\t\t\t\t\t\t\t<div class=\"elementor-shortcode\">\n<div class=\"wpcf7 no-js\" id=\"wpcf7-f6191-o1\" lang=\"de-DE\" dir=\"ltr\" data-wpcf7-id=\"6191\">\n<div class=\"screen-reader-response\"><p role=\"status\" aria-live=\"polite\" aria-atomic=\"true\"><\/p> <ul><\/ul><\/div>\n<form action=\"\/de\/wp-json\/wp\/v2\/pages\/6137#wpcf7-f6191-o1\" method=\"post\" class=\"wpcf7-form init\" aria-label=\"Kontaktformular\" novalidate=\"novalidate\" data-status=\"init\">\n<fieldset class=\"hidden-fields-container\"><input type=\"hidden\" name=\"_wpcf7\" value=\"6191\" \/><input type=\"hidden\" name=\"_wpcf7_version\" value=\"6.1.5\" \/><input type=\"hidden\" name=\"_wpcf7_locale\" value=\"de_DE\" \/><input type=\"hidden\" name=\"_wpcf7_unit_tag\" value=\"wpcf7-f6191-o1\" \/><input type=\"hidden\" name=\"_wpcf7_container_post\" value=\"0\" \/><input type=\"hidden\" name=\"_wpcf7_posted_data_hash\" value=\"\" \/>\n<\/fieldset>\n<div class=\"uacf7-form-wrapper-container uacf7-form-6191  \"><part name=\"Tab 1\"\/>\n<fieldset>\n\t<legend>Anfrage f\u00fcr Vortr\u00e4ge<\/legend>\n\t<ol>\n\t\t<li>\n\t\t\t<p>\n Ihre Angaben\n\t\t\t<\/p>\n\t\t<\/li>\n\t\t<li>\n\t\t\t<div class=\"grid\"><ol class=\"singleline\" data-row-span=\"2\">\n\t\t\t\t<li class=\"cf7slabel-default\" data-field-span=\"1\">Vorname <span class=\"wpcf7-form-control-wrap\" data-name=\"text-695\"><input size=\"40\" maxlength=\"400\" class=\"wpcf7-form-control wpcf7-text wpcf7-validates-as-required\" aria-required=\"true\" aria-invalid=\"false\" placeholder=\"Vorname\" value=\"\" type=\"text\" name=\"text-695\" \/><\/span><\/li>\n\t\t\t\t<li class=\"cf7slabel-default\" data-field-span=\"1\">Nachname <span class=\"wpcf7-form-control-wrap\" data-name=\"text-624\"><input size=\"40\" maxlength=\"400\" class=\"wpcf7-form-control wpcf7-text wpcf7-validates-as-required\" aria-required=\"true\" aria-invalid=\"false\" placeholder=\"Nachname\" value=\"\" type=\"text\" name=\"text-624\" \/><\/span><\/li>\n\t\t\t<\/ol><\/div>\n\t\t<\/li>\n\t\t<li>\n\t\t\t<div class=\"grid\"><ol class=\"singleline\" data-row-span=\"2\">\n\t\t\t\t<li class=\"cf7slabel-default\" data-field-span=\"1\">Ihre Organisation <span class=\"wpcf7-form-control-wrap\" data-name=\"text-167\"><input size=\"40\" maxlength=\"400\" class=\"wpcf7-form-control wpcf7-text\" aria-invalid=\"false\" placeholder=\"ACME Inc.\" value=\"\" type=\"text\" name=\"text-167\" \/><\/span><\/li>\n\t\t\t\t<li class=\"cf7slabel-default\" data-field-span=\"1\">Webseite <span class=\"wpcf7-form-control-wrap\" data-name=\"text-530\"><input size=\"40\" maxlength=\"400\" class=\"wpcf7-form-control wpcf7-text\" aria-invalid=\"false\" placeholder=\"http:\/\/www.example.com\" value=\"\" type=\"text\" name=\"text-530\" \/><\/span><\/li>\n\t\t\t<\/ol><\/div>\n\t\t\t<div class=\"grid\"><ol class=\"singleline\" data-row-span=\"2\">\n\t\t\t\t<li class=\"cf7slabel-default\" data-field-span=\"1\">Telefonnummer <span class=\"wpcf7-form-control-wrap\" data-name=\"tel-645\"><input size=\"40\" maxlength=\"400\" class=\"wpcf7-form-control wpcf7-tel wpcf7-text wpcf7-validates-as-tel\" aria-invalid=\"false\" placeholder=\"Bitte geben Sie die Landesvorwahl an\" value=\"\" type=\"tel\" name=\"tel-645\" \/><\/span><\/li>\n\t\t\t\t<li class=\"cf7slabel-default\" data-field-span=\"1\">Mobilnummer <span class=\"wpcf7-form-control-wrap\" data-name=\"tel-129\"><input size=\"40\" maxlength=\"400\" class=\"wpcf7-form-control wpcf7-tel wpcf7-text wpcf7-validates-as-tel\" aria-invalid=\"false\" placeholder=\"Bitte geben Sie die Landesvorwahl an\" value=\"\" type=\"tel\" name=\"tel-129\" \/><\/span><\/li>\n\t\t\t<\/ol><\/div>\n\t\t<\/li>\n\t\t<li class=\"cf7slabel-default\">E-Mail <span class=\"wpcf7-form-control-wrap\" data-name=\"email-513\"><input size=\"40\" maxlength=\"400\" class=\"wpcf7-form-control wpcf7-email wpcf7-validates-as-required wpcf7-text wpcf7-validates-as-email\" aria-required=\"true\" aria-invalid=\"false\" placeholder=\"john@doe.com\" value=\"\" type=\"email\" name=\"email-513\" \/><\/span><\/li>\n\t\t<li>\n\t\t\t<p>\n  Bitte w\u00e4hlen Sie Ihre Optionen aus\n\t\t\t<\/p>\n\t\t<\/li>\n\t\t<li class=\"cf7slabel-default\">Wonach suchen Sie? <span class=\"wpcf7-form-control-wrap\" data-name=\"checkbox-290\"><span class=\"wpcf7-form-control wpcf7-checkbox wpcf7-validates-as-required\"><span class=\"wpcf7-list-item first\"><input type=\"checkbox\" name=\"checkbox-290[]\" value=\"Keynote-Rede\" \/><span class=\"wpcf7-list-item-label\">Keynote-Rede<\/span><\/span><span class=\"wpcf7-list-item\"><input type=\"checkbox\" name=\"checkbox-290[]\" value=\"Anderer Vortrag\" \/><span class=\"wpcf7-list-item-label\">Anderer Vortrag<\/span><\/span><span class=\"wpcf7-list-item last\"><input type=\"checkbox\" name=\"checkbox-290[]\" value=\"Teilnahme an einer Podiumsdiskussion\" \/><span class=\"wpcf7-list-item-label\">Teilnahme an einer Podiumsdiskussion<\/span><\/span><\/span><\/span><\/li>\n\t\t<li class=\"cf7slabel-default\">Pro-Bono- oder bezahlte Anfrage? <span class=\"wpcf7-form-control-wrap\" data-name=\"radio-848\"><span class=\"wpcf7-form-control wpcf7-radio\"><span class=\"wpcf7-list-item first\"><input type=\"radio\" name=\"radio-848\" value=\"Bezahlt\" checked=\"checked\" \/><span class=\"wpcf7-list-item-label\">Bezahlt<\/span><\/span><span class=\"wpcf7-list-item last\"><input type=\"radio\" name=\"radio-848\" value=\"Pro Bono\" \/><span class=\"wpcf7-list-item-label\">Pro Bono<\/span><\/span><\/span><\/span><\/li>\n\t\t<li class=\"cf7slabel-default\">Werden Reise und Unterkunft von Ihnen \u00fcbernommen? <span class=\"wpcf7-form-control-wrap\" data-name=\"radio-657\"><span class=\"wpcf7-form-control wpcf7-radio\"><span class=\"wpcf7-list-item first\"><input type=\"radio\" name=\"radio-657\" value=\"Ja\" checked=\"checked\" \/><span class=\"wpcf7-list-item-label\">Ja<\/span><\/span><span class=\"wpcf7-list-item last\"><input type=\"radio\" name=\"radio-657\" value=\"Nein\" \/><span class=\"wpcf7-list-item-label\">Nein<\/span><\/span><\/span><\/span><\/li>\n\t\t<li class=\"cf7slabel-default\">Bitte geben Sie einige Details zu Ihrer Anfrage an <span class=\"wpcf7-form-control-wrap\" data-name=\"textarea-912\"><textarea cols=\"40\" rows=\"10\" maxlength=\"2000\" class=\"wpcf7-form-control wpcf7-textarea wpcf7-validates-as-required\" aria-required=\"true\" aria-invalid=\"false\" name=\"textarea-912\"><\/textarea><\/span><\/li>\n\t<\/ol>\n\t<input class=\"wpcf7-form-control wpcf7-submit has-spinner\" type=\"submit\" value=\"Senden\" \/>\n<\/fieldset>\n<p>\n  Bitte beachten Sie, dass ich w\u00e4hrend Vortr\u00e4gen oder Podiumsdiskussionen keine individuelle gesundheitliche Unterst\u00fctzung anbiete.\n<\/p><\/div><div class=\"wpcf7-response-output\" aria-hidden=\"true\"><\/div>\n<\/form>\n<\/div>\n<\/div>\n\t\t\t\t\t\t<\/div>\n\t\t\t\t<\/div>\n\t\t\t\t\t<\/div>\n\t\t<\/div>\n\t\t\t\t\t<\/div>\n\t\t<\/section>\n\t\t\t\t<\/div>\n\t\t","protected":false},"excerpt":{"rendered":"<p>In meinen Vortr\u00e4gen geht es um etwas, das die meisten Menschen zwar sp\u00fcren, aber nicht so einfach in Worte fassen k\u00f6nnen: wenn der Boden unter den F\u00fc\u00dfen sich instabil anf\u00fchlt und man sich fragt, wo man jetzt hingeh\u00f6rt. Auch Organisationen kennen dieses Gef\u00fchl \u2013 Teams, die fr\u00fcher wussten, was als N\u00e4chstes zu tun ist, wissen es pl\u00f6tzlich nicht mehr, nicht weil es ihnen an F\u00e4higkeiten&#8230; <\/p>\n<p class=\"more\"><a class=\"more-link\" href=\"https:\/\/www.robkonrad.com\/de\/anfragen-fuer-vortraege\/\">Read More<\/a><\/p>\n","protected":false},"author":1,"featured_media":6139,"parent":0,"menu_order":0,"comment_status":"closed","ping_status":"closed","template":"","meta":{"_analytify_skip_tracking":false,"footnotes":""},"class_list":["post-6137","page","type-page","status-publish","has-post-thumbnail","hentry","is-cat-link-borders-light is-cat-link-rounded"],"_links":{"self":[{"href":"https:\/\/www.robkonrad.com\/de\/wp-json\/wp\/v2\/pages\/6137","targetHints":{"allow":["GET"]}}],"collection":[{"href":"https:\/\/www.robkonrad.com\/de\/wp-json\/wp\/v2\/pages"}],"about":[{"href":"https:\/\/www.robkonrad.com\/de\/wp-json\/wp\/v2\/types\/page"}],"author":[{"embeddable":true,"href":"https:\/\/www.robkonrad.com\/de\/wp-json\/wp\/v2\/users\/1"}],"replies":[{"embeddable":true,"href":"https:\/\/www.robkonrad.com\/de\/wp-json\/wp\/v2\/comments?post=6137"}],"version-history":[{"count":1,"href":"https:\/\/www.robkonrad.com\/de\/wp-json\/wp\/v2\/pages\/6137\/revisions"}],"predecessor-version":[{"id":6140,"href":"https:\/\/www.robkonrad.com\/de\/wp-json\/wp\/v2\/pages\/6137\/revisions\/6140"}],"wp:featuredmedia":[{"embeddable":true,"href":"https:\/\/www.robkonrad.com\/de\/wp-json\/wp\/v2\/media\/6139"}],"wp:attachment":[{"href":"https:\/\/www.robkonrad.com\/de\/wp-json\/wp\/v2\/media?parent=6137"}],"curies":[{"name":"wp","href":"https:\/\/api.w.org\/{rel}","templated":true}]}}